{"id":19,"date":"2016-07-30T13:54:35","date_gmt":"2016-07-30T13:54:35","guid":{"rendered":"http:\/\/localhost:8080\/wordpress\/?page_id=19"},"modified":"2016-09-01T18:21:35","modified_gmt":"2016-09-01T18:21:35","slug":"productos","status":"publish","type":"page","link":"https:\/\/lasenia.eu\/?page_id=19&lang=es","title":{"rendered":"Productos"},"content":{"rendered":"<div id=\"pl-19\"  class=\"panel-layout\" ><div id=\"pg-19-0\"  class=\"panel-grid panel-no-style\" ><div id=\"pgc-19-0-0\"  class=\"panel-grid-cell\" ><div id=\"panel-19-0-0-0\" class=\"so-panel widget widget_sow-editor panel-first-child\" data-index=\"0\" ><div\n\t\t\t\n\t\t\tclass=\"so-widget-sow-editor so-widget-sow-editor-base\"\n\t\t\t\n\t\t><h3 class=\"widget-title\">Flamencos<\/h3>\n<div class=\"siteorigin-widget-tinymce textwidget\">\n\t<\/div>\n<\/div><\/div><div id=\"panel-19-0-0-1\" class=\"so-panel widget widget_sow-image\" data-index=\"1\" ><div\n\t\t\t\n\t\t\tclass=\"so-widget-sow-image so-widget-sow-image-default-8b5b6f678277-19\"\n\t\t\t\n\t\t>\n\n<div class=\"sow-image-container\">\n\t\t\t<a href=\"http:\/\/lasenia.eu\/index.php\/es\/flamencos\/\"\n\t\t\ttarget=\"_blank\" rel=\"noopener noreferrer\" \t\t>\n\t\t\t<img fetchpriority=\"high\" decoding=\"async\" src=\"https:\/\/lasenia.eu\/wp-content\/uploads\/2016\/08\/WidgetFlamingos.jpg\" width=\"318\" height=\"210\" srcset=\"https:\/\/lasenia.eu\/wp-content\/uploads\/2016\/08\/WidgetFlamingos.jpg 318w, https:\/\/lasenia.eu\/wp-content\/uploads\/2016\/08\/WidgetFlamingos-300x198.jpg 300w, https:\/\/lasenia.eu\/wp-content\/uploads\/2016\/08\/WidgetFlamingos-227x150.jpg 227w, https:\/\/lasenia.eu\/wp-content\/uploads\/2016\/08\/WidgetFlamingos-150x99.jpg 150w\" sizes=\"(max-width: 318px) 100vw, 318px\" title=\"Flamencos\" alt=\"\" \t\tclass=\"so-widget-image\"\/>\n\t<\/a><\/div>\n\n<\/div><\/div><div id=\"panel-19-0-0-2\" class=\"so-panel widget widget_sow-editor panel-last-child\" data-index=\"2\" ><div\n\t\t\t\n\t\t\tclass=\"so-widget-sow-editor so-widget-sow-editor-base\"\n\t\t\t\n\t\t>\n<div class=\"siteorigin-widget-tinymce textwidget\">\n\t<p>El producto decorativo por excelencia, \u00a1nuestros flamencos rosa son perfectos para traer un poco de alegr\u00eda a cualquier jard\u00edn! Dos modelos disponibles: uno mira hacia arriba, el otro mira hacia abajo. Los puedes colocar solos o en pareja...<\/p>\n<\/div>\n<\/div><\/div><\/div><div id=\"pgc-19-0-1\"  class=\"panel-grid-cell\" ><div id=\"panel-19-0-1-0\" class=\"so-panel widget widget_sow-editor panel-first-child\" data-index=\"3\" ><div\n\t\t\t\n\t\t\tclass=\"so-widget-sow-editor so-widget-sow-editor-base\"\n\t\t\t\n\t\t><h3 class=\"widget-title\">Alfombras de exterior<\/h3>\n<div class=\"siteorigin-widget-tinymce textwidget\">\n\t<\/div>\n<\/div><\/div><div id=\"panel-19-0-1-1\" class=\"so-panel widget widget_sow-image\" data-index=\"4\" ><div\n\t\t\t\n\t\t\tclass=\"so-widget-sow-image so-widget-sow-image-default-8b5b6f678277-19\"\n\t\t\t\n\t\t>\n\n<div class=\"sow-image-container\">\n\t\t\t<a href=\"http:\/\/lasenia.eu\/index.php\/es\/alfombras-exterior\/\"\n\t\t\ttarget=\"_blank\" rel=\"noopener noreferrer\" \t\t>\n\t\t\t<img decoding=\"async\" src=\"https:\/\/lasenia.eu\/wp-content\/uploads\/2016\/08\/WidgetAlfombras.jpg\" width=\"318\" height=\"210\" srcset=\"https:\/\/lasenia.eu\/wp-content\/uploads\/2016\/08\/WidgetAlfombras.jpg 318w, https:\/\/lasenia.eu\/wp-content\/uploads\/2016\/08\/WidgetAlfombras-300x198.jpg 300w, https:\/\/lasenia.eu\/wp-content\/uploads\/2016\/08\/WidgetAlfombras-227x150.jpg 227w, https:\/\/lasenia.eu\/wp-content\/uploads\/2016\/08\/WidgetAlfombras-150x99.jpg 150w\" sizes=\"(max-width: 318px) 100vw, 318px\" title=\"Alfombras de exterior\" alt=\"\" \t\tclass=\"so-widget-image\"\/>\n\t<\/a><\/div>\n\n<\/div><\/div><div id=\"panel-19-0-1-2\" class=\"so-panel widget widget_sow-editor panel-last-child\" data-index=\"5\" ><div\n\t\t\t\n\t\t\tclass=\"so-widget-sow-editor so-widget-sow-editor-base\"\n\t\t\t\n\t\t>\n<div class=\"siteorigin-widget-tinymce textwidget\">\n\t<p>Las alfombras de exterior est\u00e1n hechas de materiales fuertes que aguantan la intemperie: las puedes dejar fuera todo el verano. Para limpiarlas basta pasarles la manguera. Hay una amplia gama de colores y tama\u00f1os disponible...<\/p>\n<\/div>\n<\/div><\/div><\/div><div id=\"pgc-19-0-2\"  class=\"panel-grid-cell\" ><div id=\"panel-19-0-2-0\" class=\"so-panel widget widget_sow-editor panel-first-child\" data-index=\"6\" ><div\n\t\t\t\n\t\t\tclass=\"so-widget-sow-editor so-widget-sow-editor-base\"\n\t\t\t\n\t\t><h3 class=\"widget-title\">Cajas de madera<\/h3>\n<div class=\"siteorigin-widget-tinymce textwidget\">\n\t<\/div>\n<\/div><\/div><div id=\"panel-19-0-2-1\" class=\"so-panel widget widget_sow-image\" data-index=\"7\" ><div\n\t\t\t\n\t\t\tclass=\"so-widget-sow-image so-widget-sow-image-default-8b5b6f678277-19\"\n\t\t\t\n\t\t>\n\n<div class=\"sow-image-container\">\n\t\t\t<a href=\"http:\/\/lasenia.eu\/index.php\/es\/cajas-madera\/\"\n\t\t\ttarget=\"_blank\" rel=\"noopener noreferrer\" \t\t>\n\t\t\t<img decoding=\"async\" src=\"https:\/\/lasenia.eu\/wp-content\/uploads\/2016\/08\/WidgetCajas.jpg\" width=\"318\" height=\"210\" srcset=\"https:\/\/lasenia.eu\/wp-content\/uploads\/2016\/08\/WidgetCajas.jpg 318w, https:\/\/lasenia.eu\/wp-content\/uploads\/2016\/08\/WidgetCajas-300x198.jpg 300w, https:\/\/lasenia.eu\/wp-content\/uploads\/2016\/08\/WidgetCajas-227x150.jpg 227w, https:\/\/lasenia.eu\/wp-content\/uploads\/2016\/08\/WidgetCajas-150x99.jpg 150w\" sizes=\"(max-width: 318px) 100vw, 318px\" title=\"Cajas de madera\" alt=\"\" \t\tclass=\"so-widget-image\"\/>\n\t<\/a><\/div>\n\n<\/div><\/div><div id=\"panel-19-0-2-2\" class=\"so-panel widget widget_sow-editor panel-last-child\" data-index=\"8\" ><div\n\t\t\t\n\t\t\tclass=\"so-widget-sow-editor so-widget-sow-editor-base\"\n\t\t\t\n\t\t>\n<div class=\"siteorigin-widget-tinymce textwidget\">\n\t<p>Autenticas cajas de fruta de anta\u00f1o: en crudo para lacar en el color que va con el resto de tus muebles, o ya restauradas para dar un efecto cl\u00e1sico y vintage... las puedes utilizar para lo que quieras...<\/p>\n<\/div>\n<\/div><\/div><\/div><\/div><div id=\"pg-19-1\"  class=\"panel-grid panel-no-style\" ><div id=\"pgc-19-1-0\"  class=\"panel-grid-cell\" ><div id=\"panel-19-1-0-0\" class=\"so-panel widget widget_sow-editor panel-first-child\" data-index=\"9\" ><div\n\t\t\t\n\t\t\tclass=\"so-widget-sow-editor so-widget-sow-editor-base\"\n\t\t\t\n\t\t><h3 class=\"widget-title\">Cestas<\/h3>\n<div class=\"siteorigin-widget-tinymce textwidget\">\n\t<\/div>\n<\/div><\/div><div id=\"panel-19-1-0-1\" class=\"so-panel widget widget_sow-image\" data-index=\"10\" ><div\n\t\t\t\n\t\t\tclass=\"so-widget-sow-image so-widget-sow-image-default-8b5b6f678277-19\"\n\t\t\t\n\t\t>\n\n<div class=\"sow-image-container\">\n\t\t\t<a href=\"http:\/\/lasenia.eu\/index.php\/es\/cestas\/\"\n\t\t\ttarget=\"_blank\" rel=\"noopener noreferrer\" \t\t>\n\t\t\t<img loading=\"lazy\" decoding=\"async\" src=\"https:\/\/lasenia.eu\/wp-content\/uploads\/2016\/07\/WidgetCesta.jpg\" width=\"318\" height=\"250\" srcset=\"https:\/\/lasenia.eu\/wp-content\/uploads\/2016\/07\/WidgetCesta.jpg 318w, https:\/\/lasenia.eu\/wp-content\/uploads\/2016\/07\/WidgetCesta-300x236.jpg 300w, https:\/\/lasenia.eu\/wp-content\/uploads\/2016\/07\/WidgetCesta-191x150.jpg 191w, https:\/\/lasenia.eu\/wp-content\/uploads\/2016\/07\/WidgetCesta-150x118.jpg 150w\" sizes=\"(max-width: 318px) 100vw, 318px\" title=\"Cestas de paja\" alt=\"\" \t\tclass=\"so-widget-image\"\/>\n\t<\/a><\/div>\n\n<\/div><\/div><div id=\"panel-19-1-0-2\" class=\"so-panel widget widget_sow-editor panel-last-child\" data-index=\"11\" ><div\n\t\t\t\n\t\t\tclass=\"so-widget-sow-editor so-widget-sow-editor-base\"\n\t\t\t\n\t\t>\n<div class=\"siteorigin-widget-tinymce textwidget\">\n\t<p>Cl\u00e1sicas cestas elaboradas con hojas de palma. Tenemos varias posibilidades: del modelo b\u00e1sico para decorar despu\u00e9s, hasta un producto acabado artesanalmente a tu gusto...<\/p>\n<\/div>\n<\/div><\/div><\/div><div id=\"pgc-19-1-1\"  class=\"panel-grid-cell\" ><div id=\"panel-19-1-1-0\" class=\"so-panel widget widget_sow-editor panel-first-child\" data-index=\"12\" ><div\n\t\t\t\n\t\t\tclass=\"so-widget-sow-editor so-widget-sow-editor-base\"\n\t\t\t\n\t\t><h3 class=\"widget-title\">Carteles de madera<\/h3>\n<div class=\"siteorigin-widget-tinymce textwidget\">\n\t<\/div>\n<\/div><\/div><div id=\"panel-19-1-1-1\" class=\"so-panel widget widget_sow-image\" data-index=\"13\" ><div\n\t\t\t\n\t\t\tclass=\"so-widget-sow-image so-widget-sow-image-default-8b5b6f678277-19\"\n\t\t\t\n\t\t>\n\n<div class=\"sow-image-container\">\n\t\t\t<a href=\"http:\/\/lasenia.eu\/index.php\/es\/carteles-madera\/\"\n\t\t\ttarget=\"_blank\" rel=\"noopener noreferrer\" \t\t>\n\t\t\t<img loading=\"lazy\" decoding=\"async\" src=\"https:\/\/lasenia.eu\/wp-content\/uploads\/2016\/07\/WidgetCartel.jpg\" width=\"318\" height=\"210\" srcset=\"https:\/\/lasenia.eu\/wp-content\/uploads\/2016\/07\/WidgetCartel.jpg 318w, https:\/\/lasenia.eu\/wp-content\/uploads\/2016\/07\/WidgetCartel-300x198.jpg 300w, https:\/\/lasenia.eu\/wp-content\/uploads\/2016\/07\/WidgetCartel-227x150.jpg 227w, https:\/\/lasenia.eu\/wp-content\/uploads\/2016\/07\/WidgetCartel-150x99.jpg 150w\" sizes=\"(max-width: 318px) 100vw, 318px\" title=\"Caarteles de madera\" alt=\"\" \t\tclass=\"so-widget-image\"\/>\n\t<\/a><\/div>\n\n<\/div><\/div><div id=\"panel-19-1-1-2\" class=\"so-panel widget widget_sow-editor panel-last-child\" data-index=\"14\" ><div\n\t\t\t\n\t\t\tclass=\"so-widget-sow-editor so-widget-sow-editor-base\"\n\t\t\t\n\t\t>\n<div class=\"siteorigin-widget-tinymce textwidget\">\n\t<p>Fabricados artesanalmente en Espa\u00f1a, estos carteles de madera reciclada son un bonito recuerdo de estas tardes pasadas en familia y de esas estupendas vacaciones: del verano, del tapeo, de la playa\u2026.<\/p>\n<\/div>\n<\/div><\/div><\/div><div id=\"pgc-19-1-2\"  class=\"panel-grid-cell\" ><div id=\"panel-19-1-2-0\" class=\"so-panel widget widget_sow-editor panel-first-child\" data-index=\"15\" ><div\n\t\t\t\n\t\t\tclass=\"so-widget-sow-editor so-widget-sow-editor-base\"\n\t\t\t\n\t\t><h3 class=\"widget-title\">y mucho m\u00e1s...<\/h3>\n<div class=\"siteorigin-widget-tinymce textwidget\">\n\t<\/div>\n<\/div><\/div><div id=\"panel-19-1-2-1\" class=\"so-panel widget widget_sow-editor panel-last-child\" data-index=\"16\" ><div\n\t\t\t\n\t\t\tclass=\"so-widget-sow-editor so-widget-sow-editor-base\"\n\t\t\t\n\t\t>\n<div class=\"siteorigin-widget-tinymce textwidget\">\n\t<p>Siempre estamos buscando productos interesantes para traer a tu jard\u00edn. \u00a1Aqu\u00ed publicaremos todas nuestras novedades!<\/p>\n<\/div>\n<\/div><\/div><\/div><\/div><\/div>","protected":false},"excerpt":{"rendered":"<p>El producto decorativo por excelencia, \u00a1nuestros flamencos rosa son perfectos para traer un poco de alegr\u00eda a cualquier jard\u00edn! Dos modelos disponibles: uno mira hacia arriba, el otro mira hacia abajo. Los puedes colocar solos o en pareja&#8230; Las alfombras de exterior est\u00e1n hechas de materiales fuertes que aguantan la \u2026<\/p>\n<p class=\"continue-reading-button\"> <a class=\"continue-reading-link\" href=\"https:\/\/lasenia.eu\/?page_id=19&#038;lang=es\">Continue reading<i class=\"crycon-right-dir\"><\/i><\/a><\/p>\n","protected":false},"author":1,"featured_media":0,"parent":0,"menu_order":2,"comment_status":"closed","ping_status":"closed","template":"templates\/template-onecolumn.php","meta":{"footnotes":""},"class_list":["post-19","page","type-page","status-publish","hentry"],"yoast_head":"<!-- This site is optimized with the Yoast SEO plugin v23.6 - https:\/\/yoast.com\/wordpress\/plugins\/seo\/ -->\n<title>Productos - La Senia<\/title>\n<meta name=\"robots\" content=\"index, follow, max-snippet:-1, max-image-preview:large, max-video-preview:-1\" \/>\n<link rel=\"canonical\" href=\"https:\/\/lasenia.eu\/?page_id=19&lang=es\" \/>\n<meta property=\"og:locale\" content=\"es_ES\" \/>\n<meta property=\"og:type\" content=\"article\" \/>\n<meta property=\"og:title\" content=\"Productos - La Senia\" \/>\n<meta property=\"og:description\" content=\"El producto decorativo por excelencia, \u00a1nuestros flamencos rosa son perfectos para traer un poco de alegr\u00eda a cualquier jard\u00edn! Dos modelos disponibles: uno mira hacia arriba, el otro mira hacia abajo. Los puedes colocar solos o en pareja... Las alfombras de exterior est\u00e1n hechas de materiales fuertes que aguantan la \u2026 Continue reading\" \/>\n<meta property=\"og:url\" content=\"https:\/\/lasenia.eu\/?page_id=19&amp;lang=es\" \/>\n<meta property=\"og:site_name\" content=\"La Senia\" \/>\n<meta property=\"article:modified_time\" content=\"2016-09-01T18:21:35+00:00\" \/>\n<meta property=\"og:image\" content=\"http:\/\/lasenia.eu\/wp-content\/uploads\/2016\/08\/WidgetFlamingos.jpg\" \/>\n<meta name=\"twitter:card\" content=\"summary_large_image\" \/>\n<meta name=\"twitter:label1\" content=\"Tiempo de lectura\" \/>\n\t<meta name=\"twitter:data1\" content=\"1 minuto\" \/>\n<script type=\"application\/ld+json\" class=\"yoast-schema-graph\">{\"@context\":\"https:\/\/schema.org\",\"@graph\":[{\"@type\":\"WebPage\",\"@id\":\"https:\/\/lasenia.eu\/?page_id=19&lang=es\",\"url\":\"https:\/\/lasenia.eu\/?page_id=19&lang=es\",\"name\":\"Productos - La Senia\",\"isPartOf\":{\"@id\":\"https:\/\/lasenia.eu\/#website\"},\"primaryImageOfPage\":{\"@id\":\"https:\/\/lasenia.eu\/?page_id=19&lang=es#primaryimage\"},\"image\":{\"@id\":\"https:\/\/lasenia.eu\/?page_id=19&lang=es#primaryimage\"},\"thumbnailUrl\":\"http:\/\/lasenia.eu\/wp-content\/uploads\/2016\/08\/WidgetFlamingos.jpg\",\"datePublished\":\"2016-07-30T13:54:35+00:00\",\"dateModified\":\"2016-09-01T18:21:35+00:00\",\"breadcrumb\":{\"@id\":\"https:\/\/lasenia.eu\/?page_id=19&lang=es#breadcrumb\"},\"inLanguage\":\"es\",\"potentialAction\":[{\"@type\":\"ReadAction\",\"target\":[\"https:\/\/lasenia.eu\/?page_id=19&lang=es\"]}]},{\"@type\":\"ImageObject\",\"inLanguage\":\"es\",\"@id\":\"https:\/\/lasenia.eu\/?page_id=19&lang=es#primaryimage\",\"url\":\"https:\/\/lasenia.eu\/wp-content\/uploads\/2016\/08\/WidgetFlamingos.jpg\",\"contentUrl\":\"https:\/\/lasenia.eu\/wp-content\/uploads\/2016\/08\/WidgetFlamingos.jpg\",\"width\":318,\"height\":210},{\"@type\":\"BreadcrumbList\",\"@id\":\"https:\/\/lasenia.eu\/?page_id=19&lang=es#breadcrumb\",\"itemListElement\":[{\"@type\":\"ListItem\",\"position\":1,\"name\":\"Portada\",\"item\":\"https:\/\/lasenia.eu\/?lang=fr\"},{\"@type\":\"ListItem\",\"position\":2,\"name\":\"Productos\"}]},{\"@type\":\"WebSite\",\"@id\":\"https:\/\/lasenia.eu\/#website\",\"url\":\"https:\/\/lasenia.eu\/\",\"name\":\"La Senia\",\"description\":\"Decorando tu jard&iacute;n\",\"potentialAction\":[{\"@type\":\"SearchAction\",\"target\":{\"@type\":\"EntryPoint\",\"urlTemplate\":\"https:\/\/lasenia.eu\/?s={search_term_string}\"},\"query-input\":{\"@type\":\"PropertyValueSpecification\",\"valueRequired\":true,\"valueName\":\"search_term_string\"}}],\"inLanguage\":\"es\"}]}<\/script>\n<!-- \/ Yoast SEO plugin. -->","yoast_head_json":{"title":"Productos - La Senia","robots":{"index":"index","follow":"follow","max-snippet":"max-snippet:-1","max-image-preview":"max-image-preview:large","max-video-preview":"max-video-preview:-1"},"canonical":"https:\/\/lasenia.eu\/?page_id=19&lang=es","og_locale":"es_ES","og_type":"article","og_title":"Productos - La Senia","og_description":"El producto decorativo por excelencia, \u00a1nuestros flamencos rosa son perfectos para traer un poco de alegr\u00eda a cualquier jard\u00edn! Dos modelos disponibles: uno mira hacia arriba, el otro mira hacia abajo. Los puedes colocar solos o en pareja... Las alfombras de exterior est\u00e1n hechas de materiales fuertes que aguantan la \u2026 Continue reading","og_url":"https:\/\/lasenia.eu\/?page_id=19&lang=es","og_site_name":"La Senia","article_modified_time":"2016-09-01T18:21:35+00:00","og_image":[{"url":"http:\/\/lasenia.eu\/wp-content\/uploads\/2016\/08\/WidgetFlamingos.jpg"}],"twitter_card":"summary_large_image","twitter_misc":{"Tiempo de lectura":"1 minuto"},"schema":{"@context":"https:\/\/schema.org","@graph":[{"@type":"WebPage","@id":"https:\/\/lasenia.eu\/?page_id=19&lang=es","url":"https:\/\/lasenia.eu\/?page_id=19&lang=es","name":"Productos - La Senia","isPartOf":{"@id":"https:\/\/lasenia.eu\/#website"},"primaryImageOfPage":{"@id":"https:\/\/lasenia.eu\/?page_id=19&lang=es#primaryimage"},"image":{"@id":"https:\/\/lasenia.eu\/?page_id=19&lang=es#primaryimage"},"thumbnailUrl":"http:\/\/lasenia.eu\/wp-content\/uploads\/2016\/08\/WidgetFlamingos.jpg","datePublished":"2016-07-30T13:54:35+00:00","dateModified":"2016-09-01T18:21:35+00:00","breadcrumb":{"@id":"https:\/\/lasenia.eu\/?page_id=19&lang=es#breadcrumb"},"inLanguage":"es","potentialAction":[{"@type":"ReadAction","target":["https:\/\/lasenia.eu\/?page_id=19&lang=es"]}]},{"@type":"ImageObject","inLanguage":"es","@id":"https:\/\/lasenia.eu\/?page_id=19&lang=es#primaryimage","url":"https:\/\/lasenia.eu\/wp-content\/uploads\/2016\/08\/WidgetFlamingos.jpg","contentUrl":"https:\/\/lasenia.eu\/wp-content\/uploads\/2016\/08\/WidgetFlamingos.jpg","width":318,"height":210},{"@type":"BreadcrumbList","@id":"https:\/\/lasenia.eu\/?page_id=19&lang=es#breadcrumb","itemListElement":[{"@type":"ListItem","position":1,"name":"Portada","item":"https:\/\/lasenia.eu\/?lang=fr"},{"@type":"ListItem","position":2,"name":"Productos"}]},{"@type":"WebSite","@id":"https:\/\/lasenia.eu\/#website","url":"https:\/\/lasenia.eu\/","name":"La Senia","description":"Decorando tu jard&iacute;n","potentialAction":[{"@type":"SearchAction","target":{"@type":"EntryPoint","urlTemplate":"https:\/\/lasenia.eu\/?s={search_term_string}"},"query-input":{"@type":"PropertyValueSpecification","valueRequired":true,"valueName":"search_term_string"}}],"inLanguage":"es"}]}},"_links":{"self":[{"href":"https:\/\/lasenia.eu\/index.php?rest_route=\/wp\/v2\/pages\/19"}],"collection":[{"href":"https:\/\/lasenia.eu\/index.php?rest_route=\/wp\/v2\/pages"}],"about":[{"href":"https:\/\/lasenia.eu\/index.php?rest_route=\/wp\/v2\/types\/page"}],"author":[{"embeddable":true,"href":"https:\/\/lasenia.eu\/index.php?rest_route=\/wp\/v2\/users\/1"}],"replies":[{"embeddable":true,"href":"https:\/\/lasenia.eu\/index.php?rest_route=%2Fwp%2Fv2%2Fcomments&post=19"}],"version-history":[{"count":23,"href":"https:\/\/lasenia.eu\/index.php?rest_route=\/wp\/v2\/pages\/19\/revisions"}],"predecessor-version":[{"id":409,"href":"https:\/\/lasenia.eu\/index.php?rest_route=\/wp\/v2\/pages\/19\/revisions\/409"}],"wp:attachment":[{"href":"https:\/\/lasenia.eu\/index.php?rest_route=%2Fwp%2Fv2%2Fmedia&parent=19"}],"curies":[{"name":"wp","href":"https:\/\/api.w.org\/{rel}","templated":true}]}}