{"id":2,"date":"2016-07-20T21:37:35","date_gmt":"2016-07-20T21:37:35","guid":{"rendered":"http:\/\/localhost:8080\/wordpress\/?page_id=2"},"modified":"2017-12-03T11:59:55","modified_gmt":"2017-12-03T11:59:55","slug":"quienes-somos","status":"publish","type":"page","link":"https:\/\/lasenia.eu\/?page_id=2&lang=es","title":{"rendered":"Quienes somos"},"content":{"rendered":"<p>Historia<br \/>\nHace ya bastante tiempo, decidimos que no pod\u00edamos irnos de vacaciones ese verano. Como yo estaba un poco triste, mi marido, entonces novio, dijo que su abuelo ten\u00eda un campo con una caseta, y si yo quer\u00eda, \u00bfpodr\u00edamos arreglarlo un poco, y acampar all\u00ed? 15 a\u00f1os m\u00e1s tarde, La Senia, que as\u00ed se llamaba, se ha transformado en nuestra casa de verano, y el campo en nuestro jard\u00edn.<\/p>\n<p>Mision &amp; Vision<br \/>\nNuestro jard\u00edn es nuestra pasi\u00f3n: hemos creado un sitio donde juntarnos con amigos y familia, donde los ni\u00f1os pueden correr y jugar fuera, y donde puedes sentarte en la tarraza un s\u00e1bado por la ma\u00f1ana y disfrutar de la naturaleza.<br \/>\nDistribuyendo art\u00edculos decorativos para terraza y jard\u00edn, queremos ayudar a otros a crear su lugar perfecto para disfrutar de estar fuera.<\/p>\n","protected":false},"excerpt":{"rendered":"<p>Historia Hace ya bastante tiempo, decidimos que no pod\u00edamos irnos de vacaciones ese verano. Como yo estaba un poco triste, mi marido, entonces novio, dijo que su abuelo ten\u00eda un campo con una caseta, y si yo quer\u00eda, \u00bfpodr\u00edamos arreglarlo un poco, y acampar all\u00ed? 15 a\u00f1os m\u00e1s tarde, La \u2026<\/p>\n<p class=\"continue-reading-button\"> <a class=\"continue-reading-link\" href=\"https:\/\/lasenia.eu\/?page_id=2&#038;lang=es\">Continue reading<i class=\"crycon-right-dir\"><\/i><\/a><\/p>\n","protected":false},"author":1,"featured_media":0,"parent":0,"menu_order":1,"comment_status":"closed","ping_status":"open","template":"","meta":{"footnotes":""},"class_list":["post-2","page","type-page","status-publish","hentry"],"yoast_head":"<!-- This site is optimized with the Yoast SEO plugin v23.6 - https:\/\/yoast.com\/wordpress\/plugins\/seo\/ -->\n<title>Quienes somos - La Senia<\/title>\n<meta name=\"robots\" content=\"index, follow, max-snippet:-1, max-image-preview:large, max-video-preview:-1\" \/>\n<link rel=\"canonical\" href=\"https:\/\/lasenia.eu\/?page_id=2&lang=es\" \/>\n<meta property=\"og:locale\" content=\"es_ES\" \/>\n<meta property=\"og:type\" content=\"article\" \/>\n<meta property=\"og:title\" content=\"Quienes somos - La Senia\" \/>\n<meta property=\"og:description\" content=\"Historia Hace ya bastante tiempo, decidimos que no pod\u00edamos irnos de vacaciones ese verano. Como yo estaba un poco triste, mi marido, entonces novio, dijo que su abuelo ten\u00eda un campo con una caseta, y si yo quer\u00eda, \u00bfpodr\u00edamos arreglarlo un poco, y acampar all\u00ed? 15 a\u00f1os m\u00e1s tarde, La \u2026 Continue reading\" \/>\n<meta property=\"og:url\" content=\"https:\/\/lasenia.eu\/?page_id=2&amp;lang=es\" \/>\n<meta property=\"og:site_name\" content=\"La Senia\" \/>\n<meta property=\"article:modified_time\" content=\"2017-12-03T11:59:55+00:00\" \/>\n<meta name=\"twitter:card\" content=\"summary_large_image\" \/>\n<meta name=\"twitter:label1\" content=\"Tiempo de lectura\" \/>\n\t<meta name=\"twitter:data1\" content=\"1 minuto\" \/>\n<script type=\"application\/ld+json\" class=\"yoast-schema-graph\">{\"@context\":\"https:\/\/schema.org\",\"@graph\":[{\"@type\":\"WebPage\",\"@id\":\"https:\/\/lasenia.eu\/?page_id=2&lang=es\",\"url\":\"https:\/\/lasenia.eu\/?page_id=2&lang=es\",\"name\":\"Quienes somos - La Senia\",\"isPartOf\":{\"@id\":\"https:\/\/lasenia.eu\/#website\"},\"datePublished\":\"2016-07-20T21:37:35+00:00\",\"dateModified\":\"2017-12-03T11:59:55+00:00\",\"breadcrumb\":{\"@id\":\"https:\/\/lasenia.eu\/?page_id=2&lang=es#breadcrumb\"},\"inLanguage\":\"es\",\"potentialAction\":[{\"@type\":\"ReadAction\",\"target\":[\"https:\/\/lasenia.eu\/?page_id=2&lang=es\"]}]},{\"@type\":\"BreadcrumbList\",\"@id\":\"https:\/\/lasenia.eu\/?page_id=2&lang=es#breadcrumb\",\"itemListElement\":[{\"@type\":\"ListItem\",\"position\":1,\"name\":\"Portada\",\"item\":\"https:\/\/lasenia.eu\/?lang=fr\"},{\"@type\":\"ListItem\",\"position\":2,\"name\":\"Quienes somos\"}]},{\"@type\":\"WebSite\",\"@id\":\"https:\/\/lasenia.eu\/#website\",\"url\":\"https:\/\/lasenia.eu\/\",\"name\":\"La Senia\",\"description\":\"Decorando tu jard&iacute;n\",\"potentialAction\":[{\"@type\":\"SearchAction\",\"target\":{\"@type\":\"EntryPoint\",\"urlTemplate\":\"https:\/\/lasenia.eu\/?s={search_term_string}\"},\"query-input\":{\"@type\":\"PropertyValueSpecification\",\"valueRequired\":true,\"valueName\":\"search_term_string\"}}],\"inLanguage\":\"es\"}]}<\/script>\n<!-- \/ Yoast SEO plugin. -->","yoast_head_json":{"title":"Quienes somos - La Senia","robots":{"index":"index","follow":"follow","max-snippet":"max-snippet:-1","max-image-preview":"max-image-preview:large","max-video-preview":"max-video-preview:-1"},"canonical":"https:\/\/lasenia.eu\/?page_id=2&lang=es","og_locale":"es_ES","og_type":"article","og_title":"Quienes somos - La Senia","og_description":"Historia Hace ya bastante tiempo, decidimos que no pod\u00edamos irnos de vacaciones ese verano. Como yo estaba un poco triste, mi marido, entonces novio, dijo que su abuelo ten\u00eda un campo con una caseta, y si yo quer\u00eda, \u00bfpodr\u00edamos arreglarlo un poco, y acampar all\u00ed? 15 a\u00f1os m\u00e1s tarde, La \u2026 Continue reading","og_url":"https:\/\/lasenia.eu\/?page_id=2&lang=es","og_site_name":"La Senia","article_modified_time":"2017-12-03T11:59:55+00:00","twitter_card":"summary_large_image","twitter_misc":{"Tiempo de lectura":"1 minuto"},"schema":{"@context":"https:\/\/schema.org","@graph":[{"@type":"WebPage","@id":"https:\/\/lasenia.eu\/?page_id=2&lang=es","url":"https:\/\/lasenia.eu\/?page_id=2&lang=es","name":"Quienes somos - La Senia","isPartOf":{"@id":"https:\/\/lasenia.eu\/#website"},"datePublished":"2016-07-20T21:37:35+00:00","dateModified":"2017-12-03T11:59:55+00:00","breadcrumb":{"@id":"https:\/\/lasenia.eu\/?page_id=2&lang=es#breadcrumb"},"inLanguage":"es","potentialAction":[{"@type":"ReadAction","target":["https:\/\/lasenia.eu\/?page_id=2&lang=es"]}]},{"@type":"BreadcrumbList","@id":"https:\/\/lasenia.eu\/?page_id=2&lang=es#breadcrumb","itemListElement":[{"@type":"ListItem","position":1,"name":"Portada","item":"https:\/\/lasenia.eu\/?lang=fr"},{"@type":"ListItem","position":2,"name":"Quienes somos"}]},{"@type":"WebSite","@id":"https:\/\/lasenia.eu\/#website","url":"https:\/\/lasenia.eu\/","name":"La Senia","description":"Decorando tu jard&iacute;n","potentialAction":[{"@type":"SearchAction","target":{"@type":"EntryPoint","urlTemplate":"https:\/\/lasenia.eu\/?s={search_term_string}"},"query-input":{"@type":"PropertyValueSpecification","valueRequired":true,"valueName":"search_term_string"}}],"inLanguage":"es"}]}},"_links":{"self":[{"href":"https:\/\/lasenia.eu\/index.php?rest_route=\/wp\/v2\/pages\/2"}],"collection":[{"href":"https:\/\/lasenia.eu\/index.php?rest_route=\/wp\/v2\/pages"}],"about":[{"href":"https:\/\/lasenia.eu\/index.php?rest_route=\/wp\/v2\/types\/page"}],"author":[{"embeddable":true,"href":"https:\/\/lasenia.eu\/index.php?rest_route=\/wp\/v2\/users\/1"}],"replies":[{"embeddable":true,"href":"https:\/\/lasenia.eu\/index.php?rest_route=%2Fwp%2Fv2%2Fcomments&post=2"}],"version-history":[{"count":5,"href":"https:\/\/lasenia.eu\/index.php?rest_route=\/wp\/v2\/pages\/2\/revisions"}],"predecessor-version":[{"id":599,"href":"https:\/\/lasenia.eu\/index.php?rest_route=\/wp\/v2\/pages\/2\/revisions\/599"}],"wp:attachment":[{"href":"https:\/\/lasenia.eu\/index.php?rest_route=%2Fwp%2Fv2%2Fmedia&parent=2"}],"curies":[{"name":"wp","href":"https:\/\/api.w.org\/{rel}","templated":true}]}}