{"id":263,"date":"2016-08-20T17:09:19","date_gmt":"2016-08-20T17:09:19","guid":{"rendered":"http:\/\/localhost:8080\/wordpress\/?page_id=263"},"modified":"2024-10-12T10:17:10","modified_gmt":"2024-10-12T10:17:10","slug":"carteles-madera","status":"publish","type":"page","link":"https:\/\/lasenia.eu\/?page_id=263&lang=es","title":{"rendered":"Carteles de madera"},"content":{"rendered":"<p>&nbsp;<\/p>\n<h2>Carteles de madera<\/h2>\n<p>Placas decorativas de madera estilo vintage.<\/p>\n<p>Signos, flechas, hitos kilom\u00e9tricos,\u00a0 paneles\u00a0especiales para adaptarse a las necesidades de nuestros clientes.<\/p>\n<p>Madera de pino procedente de bosques gestionados de forma sostenible.<\/p>\n<p>Pintura acr\u00edlica sin utilizar disolventes org\u00e1nicos<br \/>\no productos qu\u00edmicos t\u00f3xicos.<\/p>\n<p>Hecho a mano en\u00a0Espa\u00f1a.<\/p>\n<p>Cord\u00f3n de\u00a0c\u00e1\u00f1amo natural.<\/p>\n<p><img fetchpriority=\"high\" decoding=\"async\" src=\"http:\/\/lasenia.eu\/wp-content\/uploads\/2016\/08\/P-Signs-02-300x168.jpg\" sizes=\"(max-width: 300px) 100vw, 300px\" srcset=\"http:\/\/lasenia.eu\/wp-content\/uploads\/2016\/08\/P-Signs-02-300x168.jpg 300w, http:\/\/lasenia.eu\/wp-content\/uploads\/2016\/08\/P-Signs-02-768x431.jpg 768w, http:\/\/lasenia.eu\/wp-content\/uploads\/2016\/08\/P-Signs-02-1024x575.jpg 1024w, http:\/\/lasenia.eu\/wp-content\/uploads\/2016\/08\/P-Signs-02-150x84.jpg 150w, http:\/\/lasenia.eu\/wp-content\/uploads\/2016\/08\/P-Signs-02.jpg 1400w\" alt=\"\" width=\"300\" height=\"168\" \/><br \/>\n<img decoding=\"async\" src=\"http:\/\/lasenia.eu\/wp-content\/uploads\/2016\/08\/P-Signs-03-300x171.jpg\" sizes=\"(max-width: 300px) 100vw, 300px\" srcset=\"http:\/\/lasenia.eu\/wp-content\/uploads\/2016\/08\/P-Signs-03-300x171.jpg 300w, http:\/\/lasenia.eu\/wp-content\/uploads\/2016\/08\/P-Signs-03-768x439.jpg 768w, http:\/\/lasenia.eu\/wp-content\/uploads\/2016\/08\/P-Signs-03-1024x585.jpg 1024w, http:\/\/lasenia.eu\/wp-content\/uploads\/2016\/08\/P-Signs-03-150x86.jpg 150w, http:\/\/lasenia.eu\/wp-content\/uploads\/2016\/08\/P-Signs-03.jpg 1400w\" alt=\"\" width=\"300\" height=\"171\" \/><\/p>\n<h2>Colores disponibles:<\/h2>\n<p><img decoding=\"async\" src=\"http:\/\/lasenia.eu\/wp-content\/uploads\/2017\/05\/Colores-ES-768x483.jpg\" sizes=\"(max-width: 768px) 100vw, 768px\" srcset=\"http:\/\/lasenia.eu\/wp-content\/uploads\/2017\/05\/Colores-ES-768x483.jpg 768w, http:\/\/lasenia.eu\/wp-content\/uploads\/2017\/05\/Colores-ES-300x188.jpg 300w, http:\/\/lasenia.eu\/wp-content\/uploads\/2017\/05\/Colores-ES-150x94.jpg 150w, http:\/\/lasenia.eu\/wp-content\/uploads\/2017\/05\/Colores-ES-318x201.jpg 318w, http:\/\/lasenia.eu\/wp-content\/uploads\/2017\/05\/Colores-ES.jpg 947w\" alt=\"\" width=\"768\" height=\"483\" \/><br \/>\n<img loading=\"lazy\" decoding=\"async\" src=\"http:\/\/lasenia.eu\/wp-content\/uploads\/2016\/08\/P-Signs-04-300x154.jpg\" sizes=\"(max-width: 300px) 100vw, 300px\" srcset=\"http:\/\/lasenia.eu\/wp-content\/uploads\/2016\/08\/P-Signs-04-300x154.jpg 300w, http:\/\/lasenia.eu\/wp-content\/uploads\/2016\/08\/P-Signs-04-768x394.jpg 768w, http:\/\/lasenia.eu\/wp-content\/uploads\/2016\/08\/P-Signs-04-1024x525.jpg 1024w, http:\/\/lasenia.eu\/wp-content\/uploads\/2016\/08\/P-Signs-04-150x77.jpg 150w, http:\/\/lasenia.eu\/wp-content\/uploads\/2016\/08\/P-Signs-04.jpg 1400w\" alt=\"\" width=\"300\" height=\"154\" \/><br \/>\n<img loading=\"lazy\" decoding=\"async\" src=\"http:\/\/lasenia.eu\/wp-content\/uploads\/2016\/08\/P-Signs-01-300x168.jpg\" sizes=\"(max-width: 300px) 100vw, 300px\" srcset=\"http:\/\/lasenia.eu\/wp-content\/uploads\/2016\/08\/P-Signs-01-300x168.jpg 300w, http:\/\/lasenia.eu\/wp-content\/uploads\/2016\/08\/P-Signs-01-768x431.jpg 768w, http:\/\/lasenia.eu\/wp-content\/uploads\/2016\/08\/P-Signs-01-1024x575.jpg 1024w, http:\/\/lasenia.eu\/wp-content\/uploads\/2016\/08\/P-Signs-01-150x84.jpg 150w, http:\/\/lasenia.eu\/wp-content\/uploads\/2016\/08\/P-Signs-01.jpg 1400w\" alt=\"\" width=\"300\" height=\"168\" \/><\/p>\n<h2>Materiales:<\/h2>\n<p id=\"tw-target-text\" dir=\"ltr\" data-placeholder=\"Traducci\u00f3n\">\u2022 Madera de pino de bosques gestionados de forma sostenible.<\/p>\n<p dir=\"ltr\" data-placeholder=\"Traducci\u00f3n\">\u2022 Los revestimientos y pinturas acr\u00edlicas elaboradas sin disolventes ni productos qu\u00edmicos org\u00e1nicos o t\u00f3xicos. Gama de colores de calidad Bellas Artes.<\/p>\n<p dir=\"ltr\" data-placeholder=\"Traducci\u00f3n\">\u2022 Textos personalizables seg\u00fan las necesidades de nuestros clientes y con todas los tipos de fuentes disponibles.<\/p>\n<p dir=\"ltr\" data-placeholder=\"Traducci\u00f3n\">\u2022 Podemos fabricar todos los colores para adaptarnos a la demanda de nuestros clientes.<\/p>\n<h2>Tama\u00f1os:<\/h2>\n<p><img loading=\"lazy\" decoding=\"async\" src=\"http:\/\/lasenia.eu\/wp-content\/uploads\/2017\/05\/T-cuadrado-1.jpg\" alt=\"\" width=\"145\" height=\"89\" \/><br \/>\n<img loading=\"lazy\" decoding=\"async\" src=\"http:\/\/lasenia.eu\/wp-content\/uploads\/2017\/05\/T-cuadrado-11.jpg\" sizes=\"(max-width: 170px) 100vw, 170px\" srcset=\"http:\/\/lasenia.eu\/wp-content\/uploads\/2017\/05\/T-cuadrado-11.jpg 170w, http:\/\/lasenia.eu\/wp-content\/uploads\/2017\/05\/T-cuadrado-11-150x135.jpg 150w\" alt=\"\" width=\"170\" height=\"153\" \/><br \/>\n<img loading=\"lazy\" decoding=\"async\" src=\"http:\/\/lasenia.eu\/wp-content\/uploads\/2017\/05\/T-cuadrado-2.jpg\" sizes=\"(max-width: 263px) 100vw, 263px\" srcset=\"http:\/\/lasenia.eu\/wp-content\/uploads\/2017\/05\/T-cuadrado-2.jpg 263w, http:\/\/lasenia.eu\/wp-content\/uploads\/2017\/05\/T-cuadrado-2-150x51.jpg 150w\" alt=\"\" width=\"263\" height=\"89\" \/><br \/>\n<img loading=\"lazy\" decoding=\"async\" src=\"http:\/\/lasenia.eu\/wp-content\/uploads\/2017\/05\/T-cuadrado-21.jpg\" sizes=\"(max-width: 172px) 100vw, 172px\" srcset=\"http:\/\/lasenia.eu\/wp-content\/uploads\/2017\/05\/T-cuadrado-21.jpg 172w, http:\/\/lasenia.eu\/wp-content\/uploads\/2017\/05\/T-cuadrado-21-142x150.jpg 142w\" alt=\"\" width=\"172\" height=\"182\" \/><br \/>\n<img loading=\"lazy\" decoding=\"async\" src=\"http:\/\/lasenia.eu\/wp-content\/uploads\/2017\/05\/T-flecha-1.jpg\" sizes=\"(max-width: 260px) 100vw, 260px\" srcset=\"http:\/\/lasenia.eu\/wp-content\/uploads\/2017\/05\/T-flecha-1.jpg 260w, http:\/\/lasenia.eu\/wp-content\/uploads\/2017\/05\/T-flecha-1-150x70.jpg 150w\" alt=\"\" width=\"260\" height=\"121\" \/><br \/>\n<img loading=\"lazy\" decoding=\"async\" src=\"http:\/\/lasenia.eu\/wp-content\/uploads\/2017\/05\/T-flecha-11.jpg\" sizes=\"(max-width: 179px) 100vw, 179px\" srcset=\"http:\/\/lasenia.eu\/wp-content\/uploads\/2017\/05\/T-flecha-11.jpg 179w, http:\/\/lasenia.eu\/wp-content\/uploads\/2017\/05\/T-flecha-11-150x121.jpg 150w\" alt=\"\" width=\"179\" height=\"144\" \/><br \/>\n<img loading=\"lazy\" decoding=\"async\" src=\"http:\/\/lasenia.eu\/wp-content\/uploads\/2017\/05\/T-especial-1-99x150.jpg\" sizes=\"(max-width: 99px) 100vw, 99px\" srcset=\"http:\/\/lasenia.eu\/wp-content\/uploads\/2017\/05\/T-especial-1-99x150.jpg 99w, http:\/\/lasenia.eu\/wp-content\/uploads\/2017\/05\/T-especial-1-199x300.jpg 199w, http:\/\/lasenia.eu\/wp-content\/uploads\/2017\/05\/T-especial-1.jpg 260w\" alt=\"\" width=\"99\" height=\"150\" \/><br \/>\n<img loading=\"lazy\" decoding=\"async\" src=\"http:\/\/lasenia.eu\/wp-content\/uploads\/2017\/05\/T-especial-11-300x167.jpg\" sizes=\"(max-width: 300px) 100vw, 300px\" srcset=\"http:\/\/lasenia.eu\/wp-content\/uploads\/2017\/05\/T-especial-11-300x167.jpg 300w, http:\/\/lasenia.eu\/wp-content\/uploads\/2017\/05\/T-especial-11-150x83.jpg 150w, http:\/\/lasenia.eu\/wp-content\/uploads\/2017\/05\/T-especial-11.jpg 313w\" alt=\"\" width=\"300\" height=\"167\" \/><\/p>\n","protected":false},"excerpt":{"rendered":"<p>&nbsp; Carteles de madera Placas decorativas de madera estilo vintage. Signos, flechas, hitos kilom\u00e9tricos,\u00a0 paneles\u00a0especiales para adaptarse a las necesidades de nuestros clientes. Madera de pino procedente de bosques gestionados de forma sostenible. Pintura acr\u00edlica sin utilizar disolventes org\u00e1nicos o productos qu\u00edmicos t\u00f3xicos. Hecho a mano en\u00a0Espa\u00f1a. Cord\u00f3n de\u00a0c\u00e1\u00f1amo natural. \u2026<\/p>\n<p class=\"continue-reading-button\"> <a class=\"continue-reading-link\" href=\"https:\/\/lasenia.eu\/?page_id=263&#038;lang=es\">Continue reading<i class=\"crycon-right-dir\"><\/i><\/a><\/p>\n","protected":false},"author":1,"featured_media":0,"parent":0,"menu_order":0,"comment_status":"closed","ping_status":"closed","template":"templates\/template-onecolumn.php","meta":{"footnotes":""},"class_list":["post-263","page","type-page","status-publish","hentry"],"yoast_head":"<!-- This site is optimized with the Yoast SEO plugin v23.6 - https:\/\/yoast.com\/wordpress\/plugins\/seo\/ -->\n<title>Carteles de madera - La Senia<\/title>\n<meta name=\"robots\" content=\"index, follow, max-snippet:-1, max-image-preview:large, max-video-preview:-1\" \/>\n<link rel=\"canonical\" href=\"https:\/\/lasenia.eu\/?page_id=263&lang=es\" \/>\n<meta property=\"og:locale\" content=\"es_ES\" \/>\n<meta property=\"og:type\" content=\"article\" \/>\n<meta property=\"og:title\" content=\"Carteles de madera - La Senia\" \/>\n<meta property=\"og:description\" content=\"&nbsp; Carteles de madera Placas decorativas de madera estilo vintage. Signos, flechas, hitos kilom\u00e9tricos,\u00a0 paneles\u00a0especiales para adaptarse a las necesidades de nuestros clientes. Madera de pino procedente de bosques gestionados de forma sostenible. Pintura acr\u00edlica sin utilizar disolventes org\u00e1nicos o productos qu\u00edmicos t\u00f3xicos. Hecho a mano en\u00a0Espa\u00f1a. Cord\u00f3n de\u00a0c\u00e1\u00f1amo natural. \u2026 Continue reading\" \/>\n<meta property=\"og:url\" content=\"https:\/\/lasenia.eu\/?page_id=263&amp;lang=es\" \/>\n<meta property=\"og:site_name\" content=\"La Senia\" \/>\n<meta property=\"article:modified_time\" content=\"2024-10-12T10:17:10+00:00\" \/>\n<meta property=\"og:image\" content=\"http:\/\/lasenia.eu\/wp-content\/uploads\/2016\/08\/P-Signs-02-300x168.jpg\" \/>\n<meta name=\"twitter:card\" content=\"summary_large_image\" \/>\n<meta name=\"twitter:label1\" content=\"Tiempo de lectura\" \/>\n\t<meta name=\"twitter:data1\" content=\"1 minuto\" \/>\n<script type=\"application\/ld+json\" class=\"yoast-schema-graph\">{\"@context\":\"https:\/\/schema.org\",\"@graph\":[{\"@type\":\"WebPage\",\"@id\":\"https:\/\/lasenia.eu\/?page_id=263&lang=es\",\"url\":\"https:\/\/lasenia.eu\/?page_id=263&lang=es\",\"name\":\"Carteles de madera - La Senia\",\"isPartOf\":{\"@id\":\"https:\/\/lasenia.eu\/#website\"},\"primaryImageOfPage\":{\"@id\":\"https:\/\/lasenia.eu\/?page_id=263&lang=es#primaryimage\"},\"image\":{\"@id\":\"https:\/\/lasenia.eu\/?page_id=263&lang=es#primaryimage\"},\"thumbnailUrl\":\"http:\/\/lasenia.eu\/wp-content\/uploads\/2016\/08\/P-Signs-02-300x168.jpg\",\"datePublished\":\"2016-08-20T17:09:19+00:00\",\"dateModified\":\"2024-10-12T10:17:10+00:00\",\"breadcrumb\":{\"@id\":\"https:\/\/lasenia.eu\/?page_id=263&lang=es#breadcrumb\"},\"inLanguage\":\"es\",\"potentialAction\":[{\"@type\":\"ReadAction\",\"target\":[\"https:\/\/lasenia.eu\/?page_id=263&lang=es\"]}]},{\"@type\":\"ImageObject\",\"inLanguage\":\"es\",\"@id\":\"https:\/\/lasenia.eu\/?page_id=263&lang=es#primaryimage\",\"url\":\"https:\/\/lasenia.eu\/wp-content\/uploads\/2016\/08\/P-Signs-02.jpg\",\"contentUrl\":\"https:\/\/lasenia.eu\/wp-content\/uploads\/2016\/08\/P-Signs-02.jpg\",\"width\":1400,\"height\":786},{\"@type\":\"BreadcrumbList\",\"@id\":\"https:\/\/lasenia.eu\/?page_id=263&lang=es#breadcrumb\",\"itemListElement\":[{\"@type\":\"ListItem\",\"position\":1,\"name\":\"Portada\",\"item\":\"https:\/\/lasenia.eu\/?lang=fr\"},{\"@type\":\"ListItem\",\"position\":2,\"name\":\"Carteles de madera\"}]},{\"@type\":\"WebSite\",\"@id\":\"https:\/\/lasenia.eu\/#website\",\"url\":\"https:\/\/lasenia.eu\/\",\"name\":\"La Senia\",\"description\":\"Decorando tu jard&iacute;n\",\"potentialAction\":[{\"@type\":\"SearchAction\",\"target\":{\"@type\":\"EntryPoint\",\"urlTemplate\":\"https:\/\/lasenia.eu\/?s={search_term_string}\"},\"query-input\":{\"@type\":\"PropertyValueSpecification\",\"valueRequired\":true,\"valueName\":\"search_term_string\"}}],\"inLanguage\":\"es\"}]}<\/script>\n<!-- \/ Yoast SEO plugin. -->","yoast_head_json":{"title":"Carteles de madera - La Senia","robots":{"index":"index","follow":"follow","max-snippet":"max-snippet:-1","max-image-preview":"max-image-preview:large","max-video-preview":"max-video-preview:-1"},"canonical":"https:\/\/lasenia.eu\/?page_id=263&lang=es","og_locale":"es_ES","og_type":"article","og_title":"Carteles de madera - La Senia","og_description":"&nbsp; Carteles de madera Placas decorativas de madera estilo vintage. Signos, flechas, hitos kilom\u00e9tricos,\u00a0 paneles\u00a0especiales para adaptarse a las necesidades de nuestros clientes. Madera de pino procedente de bosques gestionados de forma sostenible. Pintura acr\u00edlica sin utilizar disolventes org\u00e1nicos o productos qu\u00edmicos t\u00f3xicos. Hecho a mano en\u00a0Espa\u00f1a. Cord\u00f3n de\u00a0c\u00e1\u00f1amo natural. \u2026 Continue reading","og_url":"https:\/\/lasenia.eu\/?page_id=263&lang=es","og_site_name":"La Senia","article_modified_time":"2024-10-12T10:17:10+00:00","og_image":[{"url":"http:\/\/lasenia.eu\/wp-content\/uploads\/2016\/08\/P-Signs-02-300x168.jpg"}],"twitter_card":"summary_large_image","twitter_misc":{"Tiempo de lectura":"1 minuto"},"schema":{"@context":"https:\/\/schema.org","@graph":[{"@type":"WebPage","@id":"https:\/\/lasenia.eu\/?page_id=263&lang=es","url":"https:\/\/lasenia.eu\/?page_id=263&lang=es","name":"Carteles de madera - La Senia","isPartOf":{"@id":"https:\/\/lasenia.eu\/#website"},"primaryImageOfPage":{"@id":"https:\/\/lasenia.eu\/?page_id=263&lang=es#primaryimage"},"image":{"@id":"https:\/\/lasenia.eu\/?page_id=263&lang=es#primaryimage"},"thumbnailUrl":"http:\/\/lasenia.eu\/wp-content\/uploads\/2016\/08\/P-Signs-02-300x168.jpg","datePublished":"2016-08-20T17:09:19+00:00","dateModified":"2024-10-12T10:17:10+00:00","breadcrumb":{"@id":"https:\/\/lasenia.eu\/?page_id=263&lang=es#breadcrumb"},"inLanguage":"es","potentialAction":[{"@type":"ReadAction","target":["https:\/\/lasenia.eu\/?page_id=263&lang=es"]}]},{"@type":"ImageObject","inLanguage":"es","@id":"https:\/\/lasenia.eu\/?page_id=263&lang=es#primaryimage","url":"https:\/\/lasenia.eu\/wp-content\/uploads\/2016\/08\/P-Signs-02.jpg","contentUrl":"https:\/\/lasenia.eu\/wp-content\/uploads\/2016\/08\/P-Signs-02.jpg","width":1400,"height":786},{"@type":"BreadcrumbList","@id":"https:\/\/lasenia.eu\/?page_id=263&lang=es#breadcrumb","itemListElement":[{"@type":"ListItem","position":1,"name":"Portada","item":"https:\/\/lasenia.eu\/?lang=fr"},{"@type":"ListItem","position":2,"name":"Carteles de madera"}]},{"@type":"WebSite","@id":"https:\/\/lasenia.eu\/#website","url":"https:\/\/lasenia.eu\/","name":"La Senia","description":"Decorando tu jard&iacute;n","potentialAction":[{"@type":"SearchAction","target":{"@type":"EntryPoint","urlTemplate":"https:\/\/lasenia.eu\/?s={search_term_string}"},"query-input":{"@type":"PropertyValueSpecification","valueRequired":true,"valueName":"search_term_string"}}],"inLanguage":"es"}]}},"_links":{"self":[{"href":"https:\/\/lasenia.eu\/index.php?rest_route=\/wp\/v2\/pages\/263"}],"collection":[{"href":"https:\/\/lasenia.eu\/index.php?rest_route=\/wp\/v2\/pages"}],"about":[{"href":"https:\/\/lasenia.eu\/index.php?rest_route=\/wp\/v2\/types\/page"}],"author":[{"embeddable":true,"href":"https:\/\/lasenia.eu\/index.php?rest_route=\/wp\/v2\/users\/1"}],"replies":[{"embeddable":true,"href":"https:\/\/lasenia.eu\/index.php?rest_route=%2Fwp%2Fv2%2Fcomments&post=263"}],"version-history":[{"count":17,"href":"https:\/\/lasenia.eu\/index.php?rest_route=\/wp\/v2\/pages\/263\/revisions"}],"predecessor-version":[{"id":581,"href":"https:\/\/lasenia.eu\/index.php?rest_route=\/wp\/v2\/pages\/263\/revisions\/581"}],"wp:attachment":[{"href":"https:\/\/lasenia.eu\/index.php?rest_route=%2Fwp%2Fv2%2Fmedia&parent=263"}],"curies":[{"name":"wp","href":"https:\/\/api.w.org\/{rel}","templated":true}]}}